{"id":1755,"date":"2024-07-22T00:29:46","date_gmt":"2024-07-22T00:29:46","guid":{"rendered":"https:\/\/minegocio-web.com\/?page_id=1755"},"modified":"2026-05-15T17:46:37","modified_gmt":"2026-05-15T17:46:37","slug":"politica-de-privacidad","status":"publish","type":"page","link":"https:\/\/minegocio-web.com\/?page_id=1755","title":{"rendered":"Pol\u00edtica de Privacidad"},"content":{"rendered":"<h2><strong>Qui\u00e9nes somos<\/strong><\/h2>\n<p>La direcci\u00f3n de nuestro sitio web es: https:\/\/minegocio-web.com. \u00bfQu\u00e9 datos personales recogemos y por qu\u00e9 los recogemos? <strong>Comentarios<\/strong> Cuando los visitantes dejan comentarios en el sitio, recogemos los datos que se muestran en el formulario de comentarios, y tambi\u00e9n la direcci\u00f3n IP del visitante y la cadena del agente de usuario del navegador para ayudar a la detecci\u00f3n de spam.<\/p>\n<h3><\/h3>\n<h3><strong>Comentarios<\/strong><\/h3>\n<p>Cuando los visitantes dejan comentarios en el sitio recopilamos los datos mostrados en el formulario de comentarios, y tambi\u00e9n la direcci\u00f3n IP del visitante y la cadena del agente de usuario del navegador para ayudar a la detecci\u00f3n de spam.<\/p>\n<p>Se debe Autorizar el comentario basado en el cumplimiento de la ley 1581 de 2012 de protecci\u00f3n de datos personales, en Colombia, donde, se recolecte y trate adecuadamente mis datos personales, de registro, y dar el uso adecuado, con las medidas de seguridad f\u00ed\u00adsicas y administrativas pertinentes.<\/p>\n<p>Se puede proporcionar una cadena an\u00f3nima creada a partir de su direcci\u00f3n de correo electr\u00f3nico (tambi\u00e9n denominada hash) al servicio de mail marketing, para compartir publicaciones del BLOG o Noticias. La pol\u00edtica de privacidad del servicio est\u00e1 disponible tambi\u00e9n en los comentarios. Despu\u00e9s de la aprobaci\u00f3n de t\u00fa comentario, su nombre de perfil ser\u00e1 visible para el p\u00fablico en el contexto de tu comentario.<\/p>\n<h3><strong>Medios<\/strong><\/h3>\n<p>Si subes im\u00e1genes al sitio web, debes evitar cargar im\u00e1genes con datos de ubicaci\u00f3n incrustados (EXIF GPS). Los visitantes del sitio web pueden descargar y extraer los datos de la ubicaci\u00f3n de las im\u00e1genes en el sitio Web.<\/p>\n<h3><strong>Formularios de contacto<\/strong><\/h3>\n<h4>Cookies<\/h4>\n<p>Si deja un comentario en nuestro sitio, puedes optar por guardar tu nombre, direcci\u00f3n de correo electr\u00f3nico y sitio web en cookies. Estos son para tu comodidad y no tengas que volver a rellenar tus datos cuando dejes otro comentario. Estas cookies tendr\u00e1n un a\u00f1o de duraci\u00f3n.<\/p>\n<p>Si visitas nuestra p\u00e1gina de Acceso, se instalar\u00e1 una cookie temporal para determinar si tu navegador acepta cookies. Esta cookie no contiene datos personales y se elimina al cerrar el navegador.<\/p>\n<p>Cuando inicies sesi\u00f3n, se instalar\u00e1n varias cookies para guardar tu informaci\u00f3n de acceso y opciones de visualizaci\u00f3n de pantalla. Las cookies de acceso permanecer\u00e1n por dos d\u00edas y las cookies de opciones de pantalla se guardar\u00e1n por un a\u00f1o. Si seleccionas \u00abRecu\u00e9rdarme\u00bb en tu inicio de sesi\u00f3n, estas se guardar\u00e1n por dos semanas. Si cierra la sesi\u00f3n de tu cuenta, las cookies de acceso se eliminar\u00e1n.<\/p>\n<p>Si editas o publicas un art\u00edculo se guardar\u00e1 una cookie adicional en tu navegador. Esta cookie no incluye datos personales y simplemente indica el ID del art\u00edculo que acabas de editar. Caduca despu\u00e9s de 1 d\u00eda.<\/p>\n<h3><strong>Contenido incrustado de otros sitios web<\/strong><\/h3>\n<p>Los art\u00edculos de este sitio pueden incluir contenido incrustado (por ejemplo, v\u00eddeos, im\u00e1genes, art\u00edculos, etc.). El contenido incrustado de otras webs se comporta exactamente de la misma manera que si el visitante hubiera visitado la otra web.<\/p>\n<p>Estas web pueden recopilar datos sobre ti, utilizar cookies, incrustar un seguimiento adicional de terceros, y supervisar tu interacci\u00f3n con ese contenido incrustado, incluido el seguimiento de tu interacci\u00f3n con el contenido incrustado si tienes una cuenta y est\u00e1s conectado a esa web.<\/p>\n<h3><strong>Anal\u00edtica<\/strong><\/h3>\n<h4><strong>Cu\u00e1nto tiempo conservamos tus datos<\/strong><\/h4>\n<p>Si dejas un comentario, el comentario y sus metadatos se conservan indefinidamente. Esto es para que podamos reconocer y aprobar autom\u00e1ticamente cualquier comentario de seguimiento en lugar de mantenerlos en una cola de moderaci\u00f3n.<\/p>\n<p>Para los usuarios que se registren en nuestro sitio web (si los hay), se almacenar\u00e1n todos sus datos de informaci\u00f3n personal que proporcionen. Cualquier usuario puede ver, editar o eliminar su informaci\u00f3n personal cuando lo desee (a excepci\u00f3n del nombre de usuario que no se puede editar). Los administradores de sitios web, tambi\u00e9n pueden ver y editar dicha informaci\u00f3n.<\/p>\n<h4><strong>Qu\u00e9 derechos tienes sobre tus datos<\/strong><\/h4>\n<p>Si tienes una cuenta en este sitio, o ha dejado comentarios, puedes solicitar la exportaci\u00f3n de un archivo con tus datos personales recopilados, incluyendo cualquier otro dato que nos haya proporcionado. Tambi\u00e9n puede solicitar la eliminaci\u00f3n de cualquier dato personal que guardemos sobre ti. Esto no incluye los datos que estamos obligados a consevar para fines administrativos, legales o de seguridad.<\/p>\n<h4><strong>D\u00f3nde enviamos tus datos<\/strong><\/h4>\n<p>Puede que los comentarios de los visitantes sean validados por un servicio autom\u00e1tico de detecci\u00f3n de spam. La informaci\u00f3n de datos del cliente y vendedor se mantienen en nuestras bases de datos y se guardan en backups para efectos legales. Cualquier petici\u00f3n de baja de la plataforma ser\u00e1 realizada y s\u00f3lo se conservar\u00e1n los datos para efectos de control y seguimiento.<\/p>\n<p><strong>\u00a0<\/strong><\/p>\n<h3><strong>T\u00fa informaci\u00f3n de contacto<\/strong><\/h3>\n<p><strong>AUTORIZACI\u00d3N PARA EL TRATAMIENTO DE DATOS PERSONALES:<\/strong><\/p>\n<p>En cumplimiento de las normas vigentes sobre protecci\u00f3n de datos personales, EL DUE\u00d1O DE LA P\u00c1GINA WEB cuenta con una Pol\u00edtica de Privacidad, Tratamiento y Protecci\u00f3n de Datos Personales (en adelante, la Pol\u00edtica de Privacidad), la cual se entiende incorporada al presente contrato. Teniendo en cuenta que en la celebraci\u00f3n y ejecuci\u00f3n del presente contrato se requiere o podr\u00eda requerirse la recopilaci\u00f3n, uso y tratamiento de algunos datos personales de EL SUSCRIPTOR y\/o de sus empleados EL SUSCRIPTOR declara que ha le\u00eddo, conoce y acepta el contenido de esta Pol\u00edtica de Privacidad de EL DUE\u00d1O DE LA P\u00c1GINA WEB que se encuentra disponible en el chat de <a href=\"https:\/\/api.whatsapp.com\/send\/?phone=573012358175&amp;text=Por+favor+comunicarse+con+nosotros+para+obtener+asesoria+personalizada&amp;type=phone_number&amp;app_absent=0\">WhatsApp<\/a>, y los autoriza expresamente para incorporar en sus bases de datos los datos personales que sean suministrados para la celebraci\u00f3n y durante la ejecuci\u00f3n del presente contrato, y darles el tratamiento que estime necesario de conformidad con los t\u00e9rminos de la mencionada Pol\u00edtica de Privacidad y las finalidades all\u00ed se\u00f1aladas.<\/p>\n<p><strong>\u00a0<\/strong><\/p>\n<p><strong>PAR\u00c1GRAFO PRIMERO. AUTORIZACI\u00d3N REPORTE Y CONSULTA: <\/strong><\/p>\n<p>EL SUSCRIPTOR autoriza a EL DUE\u00d1O DE LA P\u00c1GINA WEB o, a quien represente sus derechos u ostente en el futuro la calidad de acreedor, de manera irrevocable, a consultar y reportar en la Central de Informaci\u00f3n del Sector Financiero, que administra la Asociaci\u00f3n Bancaria y de Entidades Financieras de Colombia, o a cualquier otra entidad que maneje o administre bases de datos con los mismos fines, el nacimiento, modificaci\u00f3n, extinci\u00f3n de las obligaciones contra\u00eddas con anterioridad o que se llegaren a contraer fruto de contratos con EL SUSCRIPTOR y en general la informaci\u00f3n referente al comportamiento comercial y financiero de \u00e9stas. Lo anterior implica que el cumplimiento o incumplimiento de las obligaciones, as\u00ed como el comportamiento en desarrollo de este contrato se reflejar\u00e1 en las mencionadas bases de datos, por el t\u00e9rmino establecido en la ley o en su defecto por la jurisprudencia de la Corte Constitucional.<\/p>\n<p><strong>\u00a0<\/strong><\/p>\n<p><strong>PAR\u00c1GRAFO SEGUNDO: AUTORIZACI\u00d3N REPORTE Y CONSULTA LA\/FT: <\/strong><\/p>\n<p>EL SUSCRIPTOR autoriza expresamente a EL DUE\u00d1O DE LA P\u00c1GINA WEBpara que verifique en la lista internacional vinculante para Colombia de conformidad con el derecho internacional (lista de las Naciones Unidas), la lista emitida por la Oficina de Activos Extranjeros del Departamento del Tesoro de los Estados Unidos de Am\u00e9rica y aquellas otras listas o bases de datos p\u00fablicas o privadas donde se relacionen personas presuntamente vinculadas a cualquier actividad il\u00edcita a EL SUSCRIPTOR y a sus accionistas, asociados o socios que directa o indirectamente tengan el cinco por ciento (5%) o m\u00e1s del capital social, aporte o participaci\u00f3n.\u00a0 Para tal efecto, EL SUSCRIPTOR, deber\u00e1 informar el nombre e identificaci\u00f3n de los accionistas, asociados o socios que directa o indirectamente tengan el cinco por ciento (5%) o m\u00e1s del capital social, aporte o participaci\u00f3n. EL SUSCRIPTOR autoriza a EL DUE\u00d1O DE LA P\u00c1GINA WEBa comunicar o reportar a las autoridades nacionales cualquiera de las causales descritas en la cl\u00e1usula (terminaci\u00f3n unilateral de la relaci\u00f3n contractual), as\u00ed como a suministrar a dichas autoridades las informaciones que ellas requieran.<\/p>\n<p><strong>\u00a0<\/strong><\/p>\n<p><strong>PREVENCI\u00d3N LAVADO DE ACTIVOS Y FINANCIACI\u00d3N DEL TERRORISMO: <\/strong><\/p>\n<p>ORIGEN DE INGRESOS. EL SUSCRIPTOR, declara bajo la gravedad del juramento que sus ingresos provienen de actividades l\u00edcitas, que no se encuentra con registro negativo en listados de prevenci\u00f3n de lavado de activos nacionales o internacionales, que no se encuentra dentro de una de las dos categor\u00edas de lavado de activos (conversi\u00f3n o movimiento) y que, en consecuencia, se obliga a responder EL DUE\u00d1O DE LA P\u00c1GINA WEB por todos los perjuicios que se llegaren a causar como consecuencia de esta afirmaci\u00f3n. En igual sentido responder\u00e1 ante terceros. Declara igualmente, que sus conductas se ajustan a la ley y a la \u00e9tica. &#8211; PAR\u00c1GRAFO: Para todos los efectos el \u201clavado de dinero\u201d es el conjunto de procedimientos usados para cambiar la identidad del dinero obtenido ilegalmente, a fin de que aparente haber sido obtenido de fuentes leg\u00edtimas. Estos procedimientos incluyen disimular la procedencia y propiedad verdadera de los fondos.- PAR\u00c1GRAFO SEGUNDO.- DECLARACI\u00d3N DE ORIGEN DE BIENES E INGRESOS: Todos los ingresos y dem\u00e1s activos no provienen de actividades il\u00edcitas contempladas en el C\u00f3digo Penal Colombiano o en cualquier norma que lo modifique o adicione; que sus ingresos y dem\u00e1s activos no est\u00e1n destinados para financiar actividades terroristas; que sus bienes no se encuentra con registro negativo en listados de prevenci\u00f3n de lavado de activos y financiaci\u00f3n del terrorismo nacionales o internacionales, y que no hay en curso procesos de extinci\u00f3n de dominio sobre tales ingresos y dem\u00e1s activos.- PAR\u00c1GRAFO TERCERO: BIENES SUJETOS A EXTINCI\u00d3N DE DOMINIO: Los activos objeto de la relaci\u00f3n contractual y\/o comercial establecida con EL SUSCRIPTOR, no se encuentran incursos en las circunstancias consagradas en el art\u00edculo 16 la ley 1708 de 2014 sobre extinci\u00f3n de dominio. En caso de que cualquier activo objeto de la relaci\u00f3n contractual y\/o comercial establecida con EL SUSCRIPTOR sea objeto de una medida de extinci\u00f3n de dominio y sobre el cual la Direcci\u00f3n Nacional de Estupefacientes o la entidad que haga sus veces no tenga el control o no le haya sido nombrado un depositario directo.<\/p>\n<p>[Publicada el 21\/07\/2024]<\/p>\n<p>[Actualizada el 15\/05\/2026]<\/p>\n","protected":false},"excerpt":{"rendered":"<p>Qui\u00e9nes somos La direcci\u00f3n de nuestro sitio web es: https:\/\/minegocio-web.com. \u00bfQu\u00e9 datos personales recogemos y por qu\u00e9 los recogemos? Comentarios [&hellip;]<\/p>\n","protected":false},"author":1,"featured_media":0,"parent":0,"menu_order":0,"comment_status":"closed","ping_status":"closed","template":"","meta":{"footnotes":""},"class_list":["post-1755","page","type-page","status-publish","hentry"],"yoast_head":"<!-- This site is optimized with the Yoast SEO plugin v26.2 - https:\/\/yoast.com\/wordpress\/plugins\/seo\/ -->\n<title>Pol\u00edtica de Privacidad &#8211; Integrales IBIO<\/title>\n<meta name=\"description\" content=\"politica-de-privacidad\" \/>\n<meta name=\"robots\" content=\"index, follow, max-snippet:-1, max-image-preview:large, max-video-preview:-1\" \/>\n<link rel=\"canonical\" href=\"https:\/\/minegocio-web.com\/?page_id=1755\" \/>\n<meta property=\"og:locale\" content=\"es_ES\" \/>\n<meta property=\"og:type\" content=\"article\" \/>\n<meta property=\"og:title\" content=\"Pol\u00edtica de Privacidad &#8211; Integrales IBIO\" \/>\n<meta property=\"og:description\" content=\"politica-de-privacidad\" \/>\n<meta property=\"og:url\" content=\"https:\/\/minegocio-web.com\/?page_id=1755\" \/>\n<meta property=\"og:site_name\" content=\"Integrales IBIO\" \/>\n<meta property=\"article:publisher\" content=\"https:\/\/www.facebook.com\/ivan.beltran.984\" \/>\n<meta property=\"article:modified_time\" content=\"2026-05-15T17:46:37+00:00\" \/>\n<meta name=\"twitter:card\" content=\"summary_large_image\" \/>\n<meta name=\"twitter:label1\" content=\"Tiempo de lectura\" \/>\n\t<meta name=\"twitter:data1\" content=\"8 minutos\" \/>\n<script type=\"application\/ld+json\" class=\"yoast-schema-graph\">{\"@context\":\"https:\/\/schema.org\",\"@graph\":[{\"@type\":\"WebPage\",\"@id\":\"https:\/\/minegocio-web.com\/?page_id=1755\",\"url\":\"https:\/\/minegocio-web.com\/?page_id=1755\",\"name\":\"Pol\u00edtica de Privacidad &#8211; Integrales IBIO\",\"isPartOf\":{\"@id\":\"https:\/\/minegocio-web.com\/#website\"},\"datePublished\":\"2024-07-22T00:29:46+00:00\",\"dateModified\":\"2026-05-15T17:46:37+00:00\",\"description\":\"politica-de-privacidad\",\"breadcrumb\":{\"@id\":\"https:\/\/minegocio-web.com\/?page_id=1755#breadcrumb\"},\"inLanguage\":\"es\",\"potentialAction\":[{\"@type\":\"ReadAction\",\"target\":[\"https:\/\/minegocio-web.com\/?page_id=1755\"]}]},{\"@type\":\"BreadcrumbList\",\"@id\":\"https:\/\/minegocio-web.com\/?page_id=1755#breadcrumb\",\"itemListElement\":[{\"@type\":\"ListItem\",\"position\":1,\"name\":\"Portada\",\"item\":\"https:\/\/minegocio-web.com\/\"},{\"@type\":\"ListItem\",\"position\":2,\"name\":\"Pol\u00edtica de Privacidad\"}]},{\"@type\":\"WebSite\",\"@id\":\"https:\/\/minegocio-web.com\/#website\",\"url\":\"https:\/\/minegocio-web.com\/\",\"name\":\"Integrales IBIO\",\"description\":\"Construcci\u00f3n WEB y Transformaci\u00f3n Digital.\",\"potentialAction\":[{\"@type\":\"SearchAction\",\"target\":{\"@type\":\"EntryPoint\",\"urlTemplate\":\"https:\/\/minegocio-web.com\/?s={search_term_string}\"},\"query-input\":{\"@type\":\"PropertyValueSpecification\",\"valueRequired\":true,\"valueName\":\"search_term_string\"}}],\"inLanguage\":\"es\"}]}<\/script>\n<!-- \/ Yoast SEO plugin. -->","yoast_head_json":{"title":"Pol\u00edtica de Privacidad &#8211; Integrales IBIO","description":"politica-de-privacidad","robots":{"index":"index","follow":"follow","max-snippet":"max-snippet:-1","max-image-preview":"max-image-preview:large","max-video-preview":"max-video-preview:-1"},"canonical":"https:\/\/minegocio-web.com\/?page_id=1755","og_locale":"es_ES","og_type":"article","og_title":"Pol\u00edtica de Privacidad &#8211; Integrales IBIO","og_description":"politica-de-privacidad","og_url":"https:\/\/minegocio-web.com\/?page_id=1755","og_site_name":"Integrales IBIO","article_publisher":"https:\/\/www.facebook.com\/ivan.beltran.984","article_modified_time":"2026-05-15T17:46:37+00:00","twitter_card":"summary_large_image","twitter_misc":{"Tiempo de lectura":"8 minutos"},"schema":{"@context":"https:\/\/schema.org","@graph":[{"@type":"WebPage","@id":"https:\/\/minegocio-web.com\/?page_id=1755","url":"https:\/\/minegocio-web.com\/?page_id=1755","name":"Pol\u00edtica de Privacidad &#8211; Integrales IBIO","isPartOf":{"@id":"https:\/\/minegocio-web.com\/#website"},"datePublished":"2024-07-22T00:29:46+00:00","dateModified":"2026-05-15T17:46:37+00:00","description":"politica-de-privacidad","breadcrumb":{"@id":"https:\/\/minegocio-web.com\/?page_id=1755#breadcrumb"},"inLanguage":"es","potentialAction":[{"@type":"ReadAction","target":["https:\/\/minegocio-web.com\/?page_id=1755"]}]},{"@type":"BreadcrumbList","@id":"https:\/\/minegocio-web.com\/?page_id=1755#breadcrumb","itemListElement":[{"@type":"ListItem","position":1,"name":"Portada","item":"https:\/\/minegocio-web.com\/"},{"@type":"ListItem","position":2,"name":"Pol\u00edtica de Privacidad"}]},{"@type":"WebSite","@id":"https:\/\/minegocio-web.com\/#website","url":"https:\/\/minegocio-web.com\/","name":"Integrales IBIO","description":"Construcci\u00f3n WEB y Transformaci\u00f3n Digital.","potentialAction":[{"@type":"SearchAction","target":{"@type":"EntryPoint","urlTemplate":"https:\/\/minegocio-web.com\/?s={search_term_string}"},"query-input":{"@type":"PropertyValueSpecification","valueRequired":true,"valueName":"search_term_string"}}],"inLanguage":"es"}]}},"_links":{"self":[{"href":"https:\/\/minegocio-web.com\/index.php?rest_route=\/wp\/v2\/pages\/1755","targetHints":{"allow":["GET"]}}],"collection":[{"href":"https:\/\/minegocio-web.com\/index.php?rest_route=\/wp\/v2\/pages"}],"about":[{"href":"https:\/\/minegocio-web.com\/index.php?rest_route=\/wp\/v2\/types\/page"}],"author":[{"embeddable":true,"href":"https:\/\/minegocio-web.com\/index.php?rest_route=\/wp\/v2\/users\/1"}],"replies":[{"embeddable":true,"href":"https:\/\/minegocio-web.com\/index.php?rest_route=%2Fwp%2Fv2%2Fcomments&post=1755"}],"version-history":[{"count":5,"href":"https:\/\/minegocio-web.com\/index.php?rest_route=\/wp\/v2\/pages\/1755\/revisions"}],"predecessor-version":[{"id":2116,"href":"https:\/\/minegocio-web.com\/index.php?rest_route=\/wp\/v2\/pages\/1755\/revisions\/2116"}],"wp:attachment":[{"href":"https:\/\/minegocio-web.com\/index.php?rest_route=%2Fwp%2Fv2%2Fmedia&parent=1755"}],"curies":[{"name":"wp","href":"https:\/\/api.w.org\/{rel}","templated":true}]}}