{"id":786,"date":"2017-07-27T23:09:30","date_gmt":"2017-07-27T23:09:30","guid":{"rendered":"https:\/\/minegocio-web.com\/?post_type=product&#038;p=786"},"modified":"2020-07-23T21:49:23","modified_gmt":"2020-07-23T21:49:23","slug":"oro","status":"publish","type":"product","link":"https:\/\/minegocio-web.com\/?product=oro","title":{"rendered":"Oro"},"content":{"rendered":"<h3 style=\"text-align: center;\"><span style=\"color: #000000;\"><strong>Paquete Oro<\/strong><\/span><\/h3>\n<p style=\"text-align: center;\"><span style=\"color: #3366ff;\">\u00a02&#8217;990.000<\/span><\/p>\n<p style=\"text-align: center;\"><span style=\"color: #3366ff;\">\u00a06 Meses<\/span><\/p>\n","protected":false},"excerpt":{"rendered":"<table width=\"1141\">\n<tbody>\n<tr>\n<td width=\"566\"><span style=\"color: #000000;\"><strong>SITIO WEB<\/strong><\/span><\/td>\n<\/tr>\n<tr>\n<td width=\"566\"><span style=\"color: #000000;\">Instagram<\/span><\/td>\n<\/tr>\n<tr>\n<td width=\"566\"><span style=\"color: #000000;\">Twitter<\/span><\/td>\n<\/tr>\n<tr>\n<td width=\"566\"><span style=\"color: #000000;\">FanPage Facebook<\/span><\/td>\n<\/tr>\n<tr>\n<td width=\"566\"><span style=\"color: #000000;\">Landing Page<\/span><\/td>\n<\/tr>\n<tr>\n<td width=\"566\"><span style=\"color: #000000;\">Page WEB<\/span><\/td>\n<\/tr>\n<tr>\n<td width=\"566\"><span style=\"color: #000000;\">Store WEB<\/span><\/td>\n<\/tr>\n<tr>\n<td width=\"566\"><span style=\"color: #000000;\">Community WEB<\/span><\/p>\n<p>&nbsp;<\/td>\n<\/tr>\n<tr>\n<td width=\"566\"><span style=\"color: #000000;\"><strong>ESTRATEGIA DE COMUNICACI\u00d3N<\/strong><\/span><\/td>\n<\/tr>\n<tr>\n<td width=\"566\"><span style=\"color: #000000;\">An\u00e1lisis y Posicionamiento SEO (gesti\u00f3n contenidos)<\/span><\/td>\n<\/tr>\n<tr>\n<td width=\"566\"><span style=\"color: #000000;\">Administraci\u00f3n de contenidos (community manager)<\/span><\/td>\n<\/tr>\n<tr>\n<td width=\"566\"><span style=\"color: #000000;\">Campa\u00f1a de redes sociales SMO (Fan-page y publicaciones)<\/span><\/td>\n<\/tr>\n<tr>\n<td width=\"566\"><span style=\"color: #000000;\">Estrateg\u00eda Inbound (e-mail marketing)<\/span><\/td>\n<\/tr>\n<tr>\n<td width=\"566\"><span style=\"color: #000000;\">An\u00e1lisis de resultados<\/span><\/p>\n<p>&nbsp;<\/td>\n<\/tr>\n<tr>\n<td width=\"566\"><span style=\"color: #000000;\"><strong>GESTION COMERCIAL<\/strong><\/span><\/td>\n<\/tr>\n<tr>\n<td width=\"566\">An\u00e1lisis, Publicaci\u00f3n SEM (AdWords)<\/td>\n<\/tr>\n<tr>\n<td width=\"566\">Campa\u00f1a correos a nicho especifico (MAIL marketing)<\/td>\n<\/tr>\n<tr>\n<td width=\"566\">Campa\u00f1a de redes sociales y Fan-page (nicho de mercado)<\/td>\n<\/tr>\n<tr>\n<td width=\"566\">Administraci\u00f3n de campa\u00f1as (Estrategia comunicaci\u00f3n Digital)<\/td>\n<\/tr>\n<tr>\n<td width=\"566\">Entrega de Leads (Clientes interesados con opci\u00f3n de compra)<\/p>\n<p>&nbsp;<\/td>\n<\/tr>\n<tr>\n<td width=\"566\"><span style=\"color: #000000;\"><strong>SERVICIO PLATAFORMA<\/strong><\/span><\/td>\n<\/tr>\n<tr>\n<td width=\"566\">Espacio en Disco<\/td>\n<\/tr>\n<tr>\n<td width=\"566\">Ancho de banda<\/td>\n<\/tr>\n<tr>\n<td width=\"566\">N\u00famero de Sitios Web<\/td>\n<\/tr>\n<tr>\n<td width=\"566\">Construcci\u00f3n o redise\u00f1o Sitio<\/td>\n<\/tr>\n<tr>\n<td width=\"566\">Software Auto Instalador<\/td>\n<\/tr>\n<tr>\n<td width=\"566\">Certificado SSL Privado<\/td>\n<\/tr>\n<tr>\n<td width=\"566\">Backups<\/td>\n<\/tr>\n<tr>\n<td width=\"566\">Uptime Garantizado<\/td>\n<\/tr>\n<\/tbody>\n<\/table>\n","protected":false},"featured_media":1032,"comment_status":"open","ping_status":"closed","template":"","meta":[],"product_brand":[],"product_cat":[27],"product_tag":[],"class_list":{"0":"post-786","1":"product","2":"type-product","3":"status-publish","4":"has-post-thumbnail","6":"product_cat-sin-categorizar","8":"first","9":"instock","10":"virtual","11":"sold-individually","12":"taxable","13":"purchasable","14":"product-type-simple"},"yoast_head":"<!-- This site is optimized with the Yoast SEO plugin v26.2 - https:\/\/yoast.com\/wordpress\/plugins\/seo\/ -->\n<title>Oro &#8211; Integrales IBIO<\/title>\n<meta name=\"robots\" content=\"index, follow, max-snippet:-1, max-image-preview:large, max-video-preview:-1\" \/>\n<link rel=\"canonical\" href=\"https:\/\/minegocio-web.com\/?product=oro\" \/>\n<meta property=\"og:locale\" content=\"es_ES\" \/>\n<meta property=\"og:type\" content=\"article\" \/>\n<meta property=\"og:title\" content=\"Oro &#8211; Integrales IBIO\" \/>\n<meta property=\"og:description\" content=\"SITIO WEB   Instagram   Twitter   FanPage Facebook   Landing Page   Page WEB   Store WEB   Community WEB  &nbsp;   ESTRATEGIA DE COMUNICACI\u00d3N   An\u00e1lisis y Posicionamiento SEO (gesti\u00f3n contenidos)   Administraci\u00f3n de contenidos (community manager)   Campa\u00f1a de redes sociales SMO (Fan-page y publicaciones)   Estrateg\u00eda Inbound (e-mail marketing)   An\u00e1lisis de resultados  &nbsp;   GESTION COMERCIAL   An\u00e1lisis, Publicaci\u00f3n SEM (AdWords)   Campa\u00f1a correos a nicho especifico (MAIL marketing)   Campa\u00f1a de redes sociales y Fan-page (nicho de mercado)   Administraci\u00f3n de campa\u00f1as (Estrategia comunicaci\u00f3n Digital)   Entrega de Leads (Clientes interesados con opci\u00f3n de compra)  &nbsp;   SERVICIO PLATAFORMA   Espacio en Disco   Ancho de banda   N\u00famero de Sitios Web   Construcci\u00f3n o redise\u00f1o Sitio   Software Auto Instalador   Certificado SSL Privado   Backups   Uptime Garantizado\" \/>\n<meta property=\"og:url\" content=\"https:\/\/minegocio-web.com\/?product=oro\" \/>\n<meta property=\"og:site_name\" content=\"Integrales IBIO\" \/>\n<meta property=\"article:publisher\" content=\"https:\/\/www.facebook.com\/ivan.beltran.984\" \/>\n<meta property=\"article:modified_time\" content=\"2020-07-23T21:49:23+00:00\" \/>\n<meta property=\"og:image\" content=\"https:\/\/minegocio-web.com\/wp-content\/uploads\/2020\/07\/PLAN-ORO.png\" \/>\n\t<meta property=\"og:image:width\" content=\"223\" \/>\n\t<meta property=\"og:image:height\" content=\"226\" \/>\n\t<meta property=\"og:image:type\" content=\"image\/png\" \/>\n<meta name=\"twitter:card\" content=\"summary_large_image\" \/>\n<script type=\"application\/ld+json\" class=\"yoast-schema-graph\">{\"@context\":\"https:\/\/schema.org\",\"@graph\":[{\"@type\":\"WebPage\",\"@id\":\"https:\/\/minegocio-web.com\/?product=oro\",\"url\":\"https:\/\/minegocio-web.com\/?product=oro\",\"name\":\"Oro &#8211; Integrales IBIO\",\"isPartOf\":{\"@id\":\"https:\/\/minegocio-web.com\/#website\"},\"primaryImageOfPage\":{\"@id\":\"https:\/\/minegocio-web.com\/?product=oro#primaryimage\"},\"image\":{\"@id\":\"https:\/\/minegocio-web.com\/?product=oro#primaryimage\"},\"thumbnailUrl\":\"https:\/\/minegocio-web.com\/wp-content\/uploads\/2020\/07\/PLAN-ORO.png\",\"datePublished\":\"2017-07-27T23:09:30+00:00\",\"dateModified\":\"2020-07-23T21:49:23+00:00\",\"breadcrumb\":{\"@id\":\"https:\/\/minegocio-web.com\/?product=oro#breadcrumb\"},\"inLanguage\":\"es\",\"potentialAction\":[{\"@type\":\"ReadAction\",\"target\":[\"https:\/\/minegocio-web.com\/?product=oro\"]}]},{\"@type\":\"ImageObject\",\"inLanguage\":\"es\",\"@id\":\"https:\/\/minegocio-web.com\/?product=oro#primaryimage\",\"url\":\"https:\/\/minegocio-web.com\/wp-content\/uploads\/2020\/07\/PLAN-ORO.png\",\"contentUrl\":\"https:\/\/minegocio-web.com\/wp-content\/uploads\/2020\/07\/PLAN-ORO.png\",\"width\":223,\"height\":226},{\"@type\":\"BreadcrumbList\",\"@id\":\"https:\/\/minegocio-web.com\/?product=oro#breadcrumb\",\"itemListElement\":[{\"@type\":\"ListItem\",\"position\":1,\"name\":\"Portada\",\"item\":\"https:\/\/minegocio-web.com\/\"},{\"@type\":\"ListItem\",\"position\":2,\"name\":\"Paquetes\",\"item\":\"https:\/\/minegocio-web.com\/?page_id=761\"},{\"@type\":\"ListItem\",\"position\":3,\"name\":\"Oro\"}]},{\"@type\":\"WebSite\",\"@id\":\"https:\/\/minegocio-web.com\/#website\",\"url\":\"https:\/\/minegocio-web.com\/\",\"name\":\"Integrales IBIO\",\"description\":\"Construcci\u00f3n WEB y Transformaci\u00f3n Digital.\",\"potentialAction\":[{\"@type\":\"SearchAction\",\"target\":{\"@type\":\"EntryPoint\",\"urlTemplate\":\"https:\/\/minegocio-web.com\/?s={search_term_string}\"},\"query-input\":{\"@type\":\"PropertyValueSpecification\",\"valueRequired\":true,\"valueName\":\"search_term_string\"}}],\"inLanguage\":\"es\"}]}<\/script>\n<!-- \/ Yoast SEO plugin. -->","yoast_head_json":{"title":"Oro &#8211; Integrales IBIO","robots":{"index":"index","follow":"follow","max-snippet":"max-snippet:-1","max-image-preview":"max-image-preview:large","max-video-preview":"max-video-preview:-1"},"canonical":"https:\/\/minegocio-web.com\/?product=oro","og_locale":"es_ES","og_type":"article","og_title":"Oro &#8211; Integrales IBIO","og_description":"SITIO WEB   Instagram   Twitter   FanPage Facebook   Landing Page   Page WEB   Store WEB   Community WEB  &nbsp;   ESTRATEGIA DE COMUNICACI\u00d3N   An\u00e1lisis y Posicionamiento SEO (gesti\u00f3n contenidos)   Administraci\u00f3n de contenidos (community manager)   Campa\u00f1a de redes sociales SMO (Fan-page y publicaciones)   Estrateg\u00eda Inbound (e-mail marketing)   An\u00e1lisis de resultados  &nbsp;   GESTION COMERCIAL   An\u00e1lisis, Publicaci\u00f3n SEM (AdWords)   Campa\u00f1a correos a nicho especifico (MAIL marketing)   Campa\u00f1a de redes sociales y Fan-page (nicho de mercado)   Administraci\u00f3n de campa\u00f1as (Estrategia comunicaci\u00f3n Digital)   Entrega de Leads (Clientes interesados con opci\u00f3n de compra)  &nbsp;   SERVICIO PLATAFORMA   Espacio en Disco   Ancho de banda   N\u00famero de Sitios Web   Construcci\u00f3n o redise\u00f1o Sitio   Software Auto Instalador   Certificado SSL Privado   Backups   Uptime Garantizado","og_url":"https:\/\/minegocio-web.com\/?product=oro","og_site_name":"Integrales IBIO","article_publisher":"https:\/\/www.facebook.com\/ivan.beltran.984","article_modified_time":"2020-07-23T21:49:23+00:00","og_image":[{"width":223,"height":226,"url":"https:\/\/minegocio-web.com\/wp-content\/uploads\/2020\/07\/PLAN-ORO.png","type":"image\/png"}],"twitter_card":"summary_large_image","schema":{"@context":"https:\/\/schema.org","@graph":[{"@type":"WebPage","@id":"https:\/\/minegocio-web.com\/?product=oro","url":"https:\/\/minegocio-web.com\/?product=oro","name":"Oro &#8211; Integrales IBIO","isPartOf":{"@id":"https:\/\/minegocio-web.com\/#website"},"primaryImageOfPage":{"@id":"https:\/\/minegocio-web.com\/?product=oro#primaryimage"},"image":{"@id":"https:\/\/minegocio-web.com\/?product=oro#primaryimage"},"thumbnailUrl":"https:\/\/minegocio-web.com\/wp-content\/uploads\/2020\/07\/PLAN-ORO.png","datePublished":"2017-07-27T23:09:30+00:00","dateModified":"2020-07-23T21:49:23+00:00","breadcrumb":{"@id":"https:\/\/minegocio-web.com\/?product=oro#breadcrumb"},"inLanguage":"es","potentialAction":[{"@type":"ReadAction","target":["https:\/\/minegocio-web.com\/?product=oro"]}]},{"@type":"ImageObject","inLanguage":"es","@id":"https:\/\/minegocio-web.com\/?product=oro#primaryimage","url":"https:\/\/minegocio-web.com\/wp-content\/uploads\/2020\/07\/PLAN-ORO.png","contentUrl":"https:\/\/minegocio-web.com\/wp-content\/uploads\/2020\/07\/PLAN-ORO.png","width":223,"height":226},{"@type":"BreadcrumbList","@id":"https:\/\/minegocio-web.com\/?product=oro#breadcrumb","itemListElement":[{"@type":"ListItem","position":1,"name":"Portada","item":"https:\/\/minegocio-web.com\/"},{"@type":"ListItem","position":2,"name":"Paquetes","item":"https:\/\/minegocio-web.com\/?page_id=761"},{"@type":"ListItem","position":3,"name":"Oro"}]},{"@type":"WebSite","@id":"https:\/\/minegocio-web.com\/#website","url":"https:\/\/minegocio-web.com\/","name":"Integrales IBIO","description":"Construcci\u00f3n WEB y Transformaci\u00f3n Digital.","potentialAction":[{"@type":"SearchAction","target":{"@type":"EntryPoint","urlTemplate":"https:\/\/minegocio-web.com\/?s={search_term_string}"},"query-input":{"@type":"PropertyValueSpecification","valueRequired":true,"valueName":"search_term_string"}}],"inLanguage":"es"}]}},"_links":{"self":[{"href":"https:\/\/minegocio-web.com\/index.php?rest_route=\/wp\/v2\/product\/786","targetHints":{"allow":["GET"]}}],"collection":[{"href":"https:\/\/minegocio-web.com\/index.php?rest_route=\/wp\/v2\/product"}],"about":[{"href":"https:\/\/minegocio-web.com\/index.php?rest_route=\/wp\/v2\/types\/product"}],"replies":[{"embeddable":true,"href":"https:\/\/minegocio-web.com\/index.php?rest_route=%2Fwp%2Fv2%2Fcomments&post=786"}],"wp:featuredmedia":[{"embeddable":true,"href":"https:\/\/minegocio-web.com\/index.php?rest_route=\/wp\/v2\/media\/1032"}],"wp:attachment":[{"href":"https:\/\/minegocio-web.com\/index.php?rest_route=%2Fwp%2Fv2%2Fmedia&parent=786"}],"wp:term":[{"taxonomy":"product_brand","embeddable":true,"href":"https:\/\/minegocio-web.com\/index.php?rest_route=%2Fwp%2Fv2%2Fproduct_brand&post=786"},{"taxonomy":"product_cat","embeddable":true,"href":"https:\/\/minegocio-web.com\/index.php?rest_route=%2Fwp%2Fv2%2Fproduct_cat&post=786"},{"taxonomy":"product_tag","embeddable":true,"href":"https:\/\/minegocio-web.com\/index.php?rest_route=%2Fwp%2Fv2%2Fproduct_tag&post=786"}],"curies":[{"name":"wp","href":"https:\/\/api.w.org\/{rel}","templated":true}]}}