{"id":787,"date":"2017-07-27T23:11:27","date_gmt":"2017-07-27T23:11:27","guid":{"rendered":"https:\/\/minegocio-web.com\/?post_type=product&#038;p=787"},"modified":"2024-08-17T15:20:37","modified_gmt":"2024-08-17T15:20:37","slug":"paquete-esmeralda-ibio","status":"publish","type":"product","link":"https:\/\/minegocio-web.com\/?product=paquete-esmeralda-ibio","title":{"rendered":"Paquete Esmeralda IBIO"},"content":{"rendered":"<h2 style=\"text-align: center;\">Paquete Esmeralda IBIO<\/h2>\n<p style=\"text-align: center;\"><span style=\"color: #000000;\">$5.990.000<\/span><\/p>\n<p style=\"text-align: center;\"><span style=\"color: #000000;\">12 Meses<\/span><\/p>\n<p>&nbsp;<\/p>\n","protected":false},"excerpt":{"rendered":"<h3 style=\"text-align: center;\"><span style=\"color: #000000;\"><strong>Caracter\u00edsticas del paquete<\/strong><\/span><\/h3>\n<table width=\"1141\">\n<tbody>\n<tr>\n<td width=\"566\"><span style=\"color: #000000;\"><strong>SITIO WEB<\/strong><\/span><\/td>\n<\/tr>\n<tr>\n<td width=\"566\"><span style=\"color: #000000;\">Instagram<\/span><\/td>\n<\/tr>\n<tr>\n<td width=\"566\"><span style=\"color: #000000;\">Twitter<\/span><\/td>\n<\/tr>\n<tr>\n<td width=\"566\"><span style=\"color: #000000;\">FanPage Facebook<\/span><\/td>\n<\/tr>\n<tr>\n<td width=\"566\"><span style=\"color: #000000;\">Landing Page<\/span><\/td>\n<\/tr>\n<tr>\n<td width=\"566\"><span style=\"color: #000000;\">Page WEB<\/span><\/td>\n<\/tr>\n<tr>\n<td width=\"566\"><span style=\"color: #000000;\">Store WEB<\/span><\/td>\n<\/tr>\n<tr>\n<td width=\"566\"><span style=\"color: #000000;\">Community WEB<\/span><\/p>\n<p>&nbsp;<\/td>\n<\/tr>\n<tr>\n<td width=\"566\"><span style=\"color: #000000;\"><strong>ESTRATEGIA DE COMUNICACI\u00d3N<\/strong><\/span><\/td>\n<\/tr>\n<tr>\n<td width=\"566\"><span style=\"color: #000000;\">An\u00e1lisis y Posicionamiento SEO (gesti\u00f3n contenidos)<\/span><\/td>\n<\/tr>\n<tr>\n<td width=\"566\"><span style=\"color: #000000;\">Administraci\u00f3n de contenidos (community manager)<\/span><\/td>\n<\/tr>\n<tr>\n<td width=\"566\"><span style=\"color: #000000;\">Campa\u00f1a de redes sociales SMO (Fan-page y publicaciones)<\/span><\/td>\n<\/tr>\n<tr>\n<td width=\"566\"><span style=\"color: #000000;\">Estrateg\u00eda Inbound (e-mail marketing)<\/span><\/td>\n<\/tr>\n<tr>\n<td width=\"566\"><span style=\"color: #000000;\">An\u00e1lisis de resultados<\/span><\/p>\n<p>&nbsp;<\/td>\n<\/tr>\n<tr>\n<td width=\"566\"><span style=\"color: #000000;\"><strong>GESTION COMERCIAL<\/strong><\/span><\/td>\n<\/tr>\n<tr>\n<td width=\"566\"><span style=\"color: #000000;\">An\u00e1lisis, Publicaci\u00f3n SEM (AdWords)<\/span><\/td>\n<\/tr>\n<tr>\n<td width=\"566\"><span style=\"color: #000000;\">Campa\u00f1a correos a nicho especifico (MAIL marketing)<\/span><\/td>\n<\/tr>\n<tr>\n<td width=\"566\"><span style=\"color: #000000;\">Campa\u00f1a de redes sociales y Fan-page (nicho de mercado)<\/span><\/td>\n<\/tr>\n<tr>\n<td width=\"566\"><span style=\"color: #000000;\">Administraci\u00f3n de campa\u00f1as (Estrategia comunicaci\u00f3n Digital)<\/span><\/td>\n<\/tr>\n<tr>\n<td width=\"566\"><span style=\"color: #000000;\">Entrega de Leads (Clientes interesados con opci\u00f3n de compra)<\/span><\/p>\n<p>&nbsp;<\/td>\n<\/tr>\n<tr>\n<td width=\"566\"><span style=\"color: #000000;\"><strong>SERVICIO PLATAFORMA<\/strong><\/span><\/td>\n<\/tr>\n<tr>\n<td width=\"566\"><span style=\"color: #000000;\">Espacio en Disco<\/span><\/td>\n<\/tr>\n<tr>\n<td width=\"566\"><span style=\"color: #000000;\">Ancho de banda<\/span><\/td>\n<\/tr>\n<tr>\n<td width=\"566\"><span style=\"color: #000000;\">N\u00famero de Sitios Web<\/span><\/td>\n<\/tr>\n<tr>\n<td width=\"566\"><span style=\"color: #000000;\">Construcci\u00f3n o redise\u00f1o Sitio<\/span><\/td>\n<\/tr>\n<tr>\n<td width=\"566\"><span style=\"color: #000000;\">Software Auto Instalador<\/span><\/td>\n<\/tr>\n<tr>\n<td width=\"566\"><span style=\"color: #000000;\">Certificado SSL Privado<\/span><\/td>\n<\/tr>\n<tr>\n<td width=\"566\"><span style=\"color: #000000;\">Backups<\/span><\/td>\n<\/tr>\n<tr>\n<td width=\"566\"><span style=\"color: #000000;\">Uptime Garantizado<\/span><\/p>\n<table width=\"1141\">\n<tbody>\n<tr>\n<td width=\"566\"><span style=\"color: #000000;\"><strong>CARACTER\u00cdSTICAS T\u00c9CNICAS<\/strong><\/span><\/td>\n<\/tr>\n<tr>\n<td width=\"566\"><span style=\"color: #000000;\">Acceso FTP<\/span><\/td>\n<\/tr>\n<tr>\n<td width=\"566\"><span style=\"color: #000000;\">FTP sobre SSL<\/span><\/td>\n<\/tr>\n<tr>\n<td width=\"566\"><span style=\"color: #000000;\">Usuarios FTP<\/span><\/td>\n<\/tr>\n<tr>\n<td width=\"566\"><span style=\"color: #000000;\">Total acceso SSH<\/span><\/td>\n<\/tr>\n<tr>\n<td width=\"566\"><span style=\"color: #000000;\">Tareas programadas<\/span><\/td>\n<\/tr>\n<tr>\n<td width=\"566\"><span style=\"color: #000000;\">Tareas programadas avanzadas<\/span><\/td>\n<\/tr>\n<tr>\n<td width=\"566\"><span style=\"color: #000000;\">Curl y SSL Curl<\/span><\/td>\n<\/tr>\n<tr>\n<td width=\"566\"><span style=\"color: #000000;\">Streaming de Audio\/Video<\/span><\/td>\n<\/tr>\n<tr>\n<td width=\"566\"><span style=\"color: #000000;\">Aparcamiento de Dominio<\/span><\/td>\n<\/tr>\n<tr>\n<td width=\"566\"><span style=\"color: #000000;\">Subdominios<\/span><\/p>\n<p>&nbsp;<\/td>\n<\/tr>\n<tr>\n<td width=\"566\"><span style=\"color: #000000;\"><strong>CARACTER\u00cdSTICAS DE CORREOS<\/strong><\/span><\/td>\n<\/tr>\n<tr>\n<td width=\"566\"><span style=\"color: #000000;\">Cuentas de correo<\/span><\/td>\n<\/tr>\n<tr>\n<td width=\"566\"><span style=\"color: #000000;\">Acceso Webmail<\/span><\/td>\n<\/tr>\n<tr>\n<td width=\"566\"><span style=\"color: #000000;\">Acceso POP3\/IMAP<\/span><\/td>\n<\/tr>\n<tr>\n<td width=\"566\"><span style=\"color: #000000;\">Acceso SMTP<\/span><\/td>\n<\/tr>\n<tr>\n<td width=\"566\"><span style=\"color: #000000;\">Filtros de Spam<\/span><\/td>\n<\/tr>\n<tr>\n<td width=\"566\"><span style=\"color: #000000;\">Reenv\u00edo de correos<\/span><\/td>\n<\/tr>\n<tr>\n<td width=\"566\"><span style=\"color: #000000;\">Autorrespondedores de correos<\/span><\/p>\n<p>&nbsp;<\/td>\n<\/tr>\n<tr>\n<td width=\"566\"><span style=\"color: #000000;\"><strong>OPCIONES DE SOPORTE AL CLIENTE<\/strong><\/span><\/td>\n<\/tr>\n<tr>\n<td width=\"566\"><span style=\"color: #000000;\">Soporte 24\/7<\/span><\/td>\n<\/tr>\n<tr>\n<td width=\"566\"><span style=\"color: #000000;\">Soporte prioritario<\/span><\/td>\n<\/tr>\n<tr>\n<td width=\"566\"><span style=\"color: #000000;\">Soporte v\u00eda Ticket<\/span><\/p>\n<p>&nbsp;<\/td>\n<\/tr>\n<tr>\n<td width=\"566\"><span style=\"color: #000000;\"><strong>HERRAMIENTAS DEL PANEL DE CONTROL<\/strong><\/span><\/td>\n<\/tr>\n<tr>\n<td width=\"566\"><span style=\"color: #000000;\">Administrador de Cuentas de correo<\/span><\/td>\n<\/tr>\n<tr>\n<td width=\"566\"><span style=\"color: #000000;\">Copias de seguridad\/Restaurar Bases de datos<\/span><\/td>\n<\/tr>\n<tr>\n<td width=\"566\"><span style=\"color: #000000;\">Copias de seguridad\/Restaurar Sitio<\/span><\/td>\n<\/tr>\n<tr>\n<td width=\"566\"><span style=\"color: #000000;\">Editor de Zona DNS<\/span><\/td>\n<\/tr>\n<tr>\n<td width=\"566\"><span style=\"color: #000000;\">2 Administradores de Archivos<\/span><\/td>\n<\/tr>\n<tr>\n<td width=\"566\"><span style=\"color: #000000;\">Dominios Aparcados<\/span><\/td>\n<\/tr>\n<tr>\n<td width=\"566\"><span style=\"color: #000000;\">Dominios Adicionales<\/span><\/td>\n<\/tr>\n<tr>\n<td width=\"566\"><span style=\"color: #000000;\">Re direcciones de Dominio<\/span><\/td>\n<\/tr>\n<tr>\n<td width=\"566\"><span style=\"color: #000000;\">Sitios de Error personalizados<\/span><\/td>\n<\/tr>\n<tr>\n<td width=\"566\"><span style=\"color: #000000;\">Directorios protegidos con contrase\u00f1a<\/span><\/td>\n<\/tr>\n<\/tbody>\n<\/table>\n<\/td>\n<\/tr>\n<\/tbody>\n<\/table>\n","protected":false},"featured_media":1037,"comment_status":"open","ping_status":"closed","template":"","meta":[],"product_brand":[],"product_cat":[26],"product_tag":[25,24],"class_list":{"0":"post-787","1":"product","2":"type-product","3":"status-publish","4":"has-post-thumbnail","6":"product_cat-the-best","7":"product_tag-esmeralda","8":"product_tag-mejor","10":"first","11":"instock","12":"virtual","13":"sold-individually","14":"taxable","15":"purchasable","16":"product-type-simple"},"yoast_head":"<!-- This site is optimized with the Yoast SEO plugin v26.2 - https:\/\/yoast.com\/wordpress\/plugins\/seo\/ -->\n<title>Paquete Esmeralda IBIO &#8211; Integrales IBIO<\/title>\n<meta name=\"description\" content=\"Paquete Esmeralda IBIO, Plataforma e-commerce con lo mejor del mercadeo y posicionamiento de las redes sociales y equipo comercial.\" \/>\n<meta name=\"robots\" content=\"index, follow, max-snippet:-1, max-image-preview:large, max-video-preview:-1\" \/>\n<link rel=\"canonical\" href=\"https:\/\/minegocio-web.com\/?product=paquete-esmeralda-ibio\" \/>\n<meta property=\"og:locale\" content=\"es_ES\" \/>\n<meta property=\"og:type\" content=\"article\" \/>\n<meta property=\"og:title\" content=\"Paquete Esmeralda IBIO &#8211; Integrales IBIO\" \/>\n<meta property=\"og:description\" content=\"Paquete Esmeralda IBIO, Plataforma e-commerce con lo mejor del mercadeo y posicionamiento de las redes sociales y equipo comercial.\" \/>\n<meta property=\"og:url\" content=\"https:\/\/minegocio-web.com\/?product=paquete-esmeralda-ibio\" \/>\n<meta property=\"og:site_name\" content=\"Integrales IBIO\" \/>\n<meta property=\"article:publisher\" content=\"https:\/\/www.facebook.com\/ivan.beltran.984\" \/>\n<meta property=\"article:modified_time\" content=\"2024-08-17T15:20:37+00:00\" \/>\n<meta property=\"og:image\" content=\"https:\/\/minegocio-web.com\/wp-content\/uploads\/2020\/07\/PLAN-ESMERALDA.png\" \/>\n\t<meta property=\"og:image:width\" content=\"254\" \/>\n\t<meta property=\"og:image:height\" content=\"254\" \/>\n\t<meta property=\"og:image:type\" content=\"image\/png\" \/>\n<meta name=\"twitter:card\" content=\"summary_large_image\" \/>\n<meta name=\"twitter:label1\" content=\"Tiempo de lectura\" \/>\n\t<meta name=\"twitter:data1\" content=\"1 minuto\" \/>\n<script type=\"application\/ld+json\" class=\"yoast-schema-graph\">{\"@context\":\"https:\/\/schema.org\",\"@graph\":[{\"@type\":\"WebPage\",\"@id\":\"https:\/\/minegocio-web.com\/?product=paquete-esmeralda-ibio\",\"url\":\"https:\/\/minegocio-web.com\/?product=paquete-esmeralda-ibio\",\"name\":\"Paquete Esmeralda IBIO &#8211; Integrales IBIO\",\"isPartOf\":{\"@id\":\"https:\/\/minegocio-web.com\/#website\"},\"primaryImageOfPage\":{\"@id\":\"https:\/\/minegocio-web.com\/?product=paquete-esmeralda-ibio#primaryimage\"},\"image\":{\"@id\":\"https:\/\/minegocio-web.com\/?product=paquete-esmeralda-ibio#primaryimage\"},\"thumbnailUrl\":\"https:\/\/minegocio-web.com\/wp-content\/uploads\/2020\/07\/PLAN-ESMERALDA.png\",\"datePublished\":\"2017-07-27T23:11:27+00:00\",\"dateModified\":\"2024-08-17T15:20:37+00:00\",\"description\":\"Paquete Esmeralda IBIO, Plataforma e-commerce con lo mejor del mercadeo y posicionamiento de las redes sociales y equipo comercial.\",\"breadcrumb\":{\"@id\":\"https:\/\/minegocio-web.com\/?product=paquete-esmeralda-ibio#breadcrumb\"},\"inLanguage\":\"es\",\"potentialAction\":[{\"@type\":\"ReadAction\",\"target\":[\"https:\/\/minegocio-web.com\/?product=paquete-esmeralda-ibio\"]}]},{\"@type\":\"ImageObject\",\"inLanguage\":\"es\",\"@id\":\"https:\/\/minegocio-web.com\/?product=paquete-esmeralda-ibio#primaryimage\",\"url\":\"https:\/\/minegocio-web.com\/wp-content\/uploads\/2020\/07\/PLAN-ESMERALDA.png\",\"contentUrl\":\"https:\/\/minegocio-web.com\/wp-content\/uploads\/2020\/07\/PLAN-ESMERALDA.png\",\"width\":254,\"height\":254},{\"@type\":\"BreadcrumbList\",\"@id\":\"https:\/\/minegocio-web.com\/?product=paquete-esmeralda-ibio#breadcrumb\",\"itemListElement\":[{\"@type\":\"ListItem\",\"position\":1,\"name\":\"Portada\",\"item\":\"https:\/\/minegocio-web.com\/\"},{\"@type\":\"ListItem\",\"position\":2,\"name\":\"Paquetes\",\"item\":\"https:\/\/minegocio-web.com\/?page_id=761\"},{\"@type\":\"ListItem\",\"position\":3,\"name\":\"Paquete Esmeralda IBIO\"}]},{\"@type\":\"WebSite\",\"@id\":\"https:\/\/minegocio-web.com\/#website\",\"url\":\"https:\/\/minegocio-web.com\/\",\"name\":\"Integrales IBIO\",\"description\":\"Construcci\u00f3n WEB y Transformaci\u00f3n Digital.\",\"potentialAction\":[{\"@type\":\"SearchAction\",\"target\":{\"@type\":\"EntryPoint\",\"urlTemplate\":\"https:\/\/minegocio-web.com\/?s={search_term_string}\"},\"query-input\":{\"@type\":\"PropertyValueSpecification\",\"valueRequired\":true,\"valueName\":\"search_term_string\"}}],\"inLanguage\":\"es\"}]}<\/script>\n<!-- \/ Yoast SEO plugin. -->","yoast_head_json":{"title":"Paquete Esmeralda IBIO &#8211; Integrales IBIO","description":"Paquete Esmeralda IBIO, Plataforma e-commerce con lo mejor del mercadeo y posicionamiento de las redes sociales y equipo comercial.","robots":{"index":"index","follow":"follow","max-snippet":"max-snippet:-1","max-image-preview":"max-image-preview:large","max-video-preview":"max-video-preview:-1"},"canonical":"https:\/\/minegocio-web.com\/?product=paquete-esmeralda-ibio","og_locale":"es_ES","og_type":"article","og_title":"Paquete Esmeralda IBIO &#8211; Integrales IBIO","og_description":"Paquete Esmeralda IBIO, Plataforma e-commerce con lo mejor del mercadeo y posicionamiento de las redes sociales y equipo comercial.","og_url":"https:\/\/minegocio-web.com\/?product=paquete-esmeralda-ibio","og_site_name":"Integrales IBIO","article_publisher":"https:\/\/www.facebook.com\/ivan.beltran.984","article_modified_time":"2024-08-17T15:20:37+00:00","og_image":[{"width":254,"height":254,"url":"https:\/\/minegocio-web.com\/wp-content\/uploads\/2020\/07\/PLAN-ESMERALDA.png","type":"image\/png"}],"twitter_card":"summary_large_image","twitter_misc":{"Tiempo de lectura":"1 minuto"},"schema":{"@context":"https:\/\/schema.org","@graph":[{"@type":"WebPage","@id":"https:\/\/minegocio-web.com\/?product=paquete-esmeralda-ibio","url":"https:\/\/minegocio-web.com\/?product=paquete-esmeralda-ibio","name":"Paquete Esmeralda IBIO &#8211; Integrales IBIO","isPartOf":{"@id":"https:\/\/minegocio-web.com\/#website"},"primaryImageOfPage":{"@id":"https:\/\/minegocio-web.com\/?product=paquete-esmeralda-ibio#primaryimage"},"image":{"@id":"https:\/\/minegocio-web.com\/?product=paquete-esmeralda-ibio#primaryimage"},"thumbnailUrl":"https:\/\/minegocio-web.com\/wp-content\/uploads\/2020\/07\/PLAN-ESMERALDA.png","datePublished":"2017-07-27T23:11:27+00:00","dateModified":"2024-08-17T15:20:37+00:00","description":"Paquete Esmeralda IBIO, Plataforma e-commerce con lo mejor del mercadeo y posicionamiento de las redes sociales y equipo comercial.","breadcrumb":{"@id":"https:\/\/minegocio-web.com\/?product=paquete-esmeralda-ibio#breadcrumb"},"inLanguage":"es","potentialAction":[{"@type":"ReadAction","target":["https:\/\/minegocio-web.com\/?product=paquete-esmeralda-ibio"]}]},{"@type":"ImageObject","inLanguage":"es","@id":"https:\/\/minegocio-web.com\/?product=paquete-esmeralda-ibio#primaryimage","url":"https:\/\/minegocio-web.com\/wp-content\/uploads\/2020\/07\/PLAN-ESMERALDA.png","contentUrl":"https:\/\/minegocio-web.com\/wp-content\/uploads\/2020\/07\/PLAN-ESMERALDA.png","width":254,"height":254},{"@type":"BreadcrumbList","@id":"https:\/\/minegocio-web.com\/?product=paquete-esmeralda-ibio#breadcrumb","itemListElement":[{"@type":"ListItem","position":1,"name":"Portada","item":"https:\/\/minegocio-web.com\/"},{"@type":"ListItem","position":2,"name":"Paquetes","item":"https:\/\/minegocio-web.com\/?page_id=761"},{"@type":"ListItem","position":3,"name":"Paquete Esmeralda IBIO"}]},{"@type":"WebSite","@id":"https:\/\/minegocio-web.com\/#website","url":"https:\/\/minegocio-web.com\/","name":"Integrales IBIO","description":"Construcci\u00f3n WEB y Transformaci\u00f3n Digital.","potentialAction":[{"@type":"SearchAction","target":{"@type":"EntryPoint","urlTemplate":"https:\/\/minegocio-web.com\/?s={search_term_string}"},"query-input":{"@type":"PropertyValueSpecification","valueRequired":true,"valueName":"search_term_string"}}],"inLanguage":"es"}]}},"_links":{"self":[{"href":"https:\/\/minegocio-web.com\/index.php?rest_route=\/wp\/v2\/product\/787","targetHints":{"allow":["GET"]}}],"collection":[{"href":"https:\/\/minegocio-web.com\/index.php?rest_route=\/wp\/v2\/product"}],"about":[{"href":"https:\/\/minegocio-web.com\/index.php?rest_route=\/wp\/v2\/types\/product"}],"replies":[{"embeddable":true,"href":"https:\/\/minegocio-web.com\/index.php?rest_route=%2Fwp%2Fv2%2Fcomments&post=787"}],"wp:featuredmedia":[{"embeddable":true,"href":"https:\/\/minegocio-web.com\/index.php?rest_route=\/wp\/v2\/media\/1037"}],"wp:attachment":[{"href":"https:\/\/minegocio-web.com\/index.php?rest_route=%2Fwp%2Fv2%2Fmedia&parent=787"}],"wp:term":[{"taxonomy":"product_brand","embeddable":true,"href":"https:\/\/minegocio-web.com\/index.php?rest_route=%2Fwp%2Fv2%2Fproduct_brand&post=787"},{"taxonomy":"product_cat","embeddable":true,"href":"https:\/\/minegocio-web.com\/index.php?rest_route=%2Fwp%2Fv2%2Fproduct_cat&post=787"},{"taxonomy":"product_tag","embeddable":true,"href":"https:\/\/minegocio-web.com\/index.php?rest_route=%2Fwp%2Fv2%2Fproduct_tag&post=787"}],"curies":[{"name":"wp","href":"https:\/\/api.w.org\/{rel}","templated":true}]}}